{"id":286,"date":"2015-09-04T05:29:41","date_gmt":"2015-09-04T05:29:41","guid":{"rendered":"http:\/\/demo.athemes.com\/sydney\/?page_id=286"},"modified":"2017-06-11T02:56:52","modified_gmt":"2017-06-11T02:56:52","slug":"cursos","status":"publish","type":"page","link":"http:\/\/gdi.mx\/Gdihtml5\/cursos\/","title":{"rendered":"Cursos"},"content":{"rendered":"<div id=\"pl-286\"  class=\"panel-layout\" ><div id=\"pg-286-0\"  class=\"panel-grid panel-has-style\" ><div class=\"siteorigin-panels-stretch panel-row-style panel-row-style-for-286-0\" style=\"text-align: center;padding: 25px 0; \" data-stretch-type=\"full-stretched\" data-overlay=\"true\" data-overlay-color=\"#000000\" ><div id=\"pgc-286-0-0\"  class=\"panel-grid-cell\" ><div id=\"panel-286-0-0-0\" class=\"so-panel widget widget_sydney_action sydney_action_widget panel-first-child panel-last-child\" data-index=\"0\" ><div class=\"masInfoCursos so-parallax panel-widget-style panel-widget-style-for-286-0-0-0\" style=\"text-align: center;\" data-title-color=\"#ffffff\" data-headings-color=\"#ffffff\" ><img decoding=\"async\" width=\"280\" height=\"120\" src=\"http:\/\/gdi.mx\/Gdihtml5\/wp-content\/uploads\/2017\/03\/lrg_logo.png\" class=\"attachment-full size-full\" alt=\"\" data-siteorigin-parallax=\"true\" loading=\"eager\" srcset=\"http:\/\/gdi.mx\/Gdihtml5\/wp-content\/uploads\/2017\/03\/lrg_logo.png 280w, http:\/\/gdi.mx\/Gdihtml5\/wp-content\/uploads\/2017\/03\/lrg_logo-230x99.png 230w\" sizes=\"(max-width: 280px) 100vw, 280px\" \/><h3 class=\"widget-title\">Conoce e inscr\u00edbete en nuestros cursos ONLINE<\/h3>        <div class=\"roll-promobox aside-style\">\r\n\t\t\t<div class=\"promo-wrap\">\r\n\t\t\t\t\t\t\t\t<div class=\"promo-controls\">\r\n\t\t\t\t\t<a href=\"http:\/\/gdi.mx\/Gdihtml5\/courses\/\" class=\"roll-button border\">Click<\/a>\r\n\t\t\t\t<\/div>\r\n\t\t\t<\/div>\r\n        <\/div>\r\n\t<\/div><\/div><\/div><\/div><\/div><div id=\"pg-286-1\"  class=\"panel-grid panel-has-style\" ><div class=\"siteorigin-panels-stretch panel-row-style panel-row-style-for-286-1\" style=\"padding: 0px 0; \" data-stretch-type=\"full\" data-overlay=\"true\" data-overlay-color=\"#000000\" ><div id=\"pgc-286-1-0\"  class=\"panel-grid-cell\" ><div id=\"panel-286-1-0-0\" class=\"so-panel widget widget_text panel-first-child panel-last-child\" data-index=\"1\" ><div style=\"text-align: left;\" data-title-color=\"#ffffff\" data-headings-color=\"#443f3f\" class=\"panel-widget-style panel-widget-style-for-286-1-0-0\" ><h3 class=\"widget-title\">Cursos a medida<\/h3>\t\t\t<div class=\"textwidget\"><p style=\"margin-top:45px;\">\nGDI Software desarrolla cualquier tipo de curso de acuerdo a las necesidades de su empresa, los cursos pueden ser impartidos en su empresa o en nuestras instalaciones. Dise\u00f1o de cursos a medida incorporando los recursos tecnol\u00f3gicos y audiovisuales m\u00e1s innovadores. Cursos \u201ca la carta\u201d para configurar tu proyecto totalmente a medida, eligiendo el tipo de recursos, grado de interactividad, tipo de navegaci\u00f3n y forma de distribuci\u00f3n, sin perder el rigor pedag\u00f3gico.\n<\/p>\n<p style=\"margin-bottom:45px;\">\nP\u00f3ngase en contacto con nosotros y con gusto analizaremos sus requerimientos y necesidades para cotizarle  el curso de su preferencia.\n<\/p>\n\n<a class=\"roll-button\" href=\"#pg-286-1\">Continuar<\/a><\/div>\n\t\t<\/div><\/div><\/div><div id=\"pgc-286-1-1\"  class=\"panel-grid-cell\" ><div id=\"panel-286-1-1-0\" class=\"so-panel widget widget_sow-image panel-first-child panel-last-child\" data-index=\"2\" ><div style=\"text-align: left;\" data-title-color=\"#443f3f\" data-headings-color=\"#443f3f\" class=\"panel-widget-style panel-widget-style-for-286-1-1-0\" ><div\n\t\t\t\n\t\t\tclass=\"so-widget-sow-image so-widget-sow-image-default-8b5b6f678277-286\"\n\t\t\t\n\t\t>\n<div class=\"sow-image-container\">\n\t\t<img decoding=\"async\" src=\"http:\/\/demo.athemes.com\/sydney\/wp-content\/uploads\/sites\/35\/2015\/09\/sydney-device-2-1.png\" title=\"Cursos\" alt=\"\" \t\tclass=\"so-widget-image\"\/>\n\t<\/div>\n\n<\/div><\/div><\/div><\/div><\/div><\/div><div id=\"pg-286-2\"  class=\"panel-grid panel-has-style\" ><div class=\"siteorigin-panels-stretch panel-row-style panel-row-style-for-286-2\" style=\"color: #ffffff;text-align: center;padding: 0px 0; \" data-stretch-type=\"full-stretched\" data-hascolor=\"hascolor\" data-overlay=\"true\" data-overlay-color=\"#000000\" ><div id=\"pgc-286-2-0\"  class=\"panel-grid-cell\" ><div id=\"panel-286-2-0-0\" class=\"so-panel widget widget_text panel-first-child panel-last-child\" data-index=\"3\" ><div style=\"text-align: center;\" data-title-color=\"#443f3f\" data-headings-color=\"#443f3f\" class=\"panel-widget-style panel-widget-style-for-286-2-0-0\" >\t\t\t<div class=\"textwidget\"><p><img decoding=\"async\" style=\"max-width:150px;margin-bottom:30px;\" src=\"http:\/\/demo.athemes.com\/sydney\/wp-content\/uploads\/sites\/35\/2015\/09\/s1.png\"\/><\/p>\nCompletamente interactivo<\/div>\n\t\t<\/div><\/div><\/div><div id=\"pgc-286-2-1\"  class=\"panel-grid-cell\" ><div id=\"panel-286-2-1-0\" class=\"so-panel widget widget_text panel-first-child panel-last-child\" data-index=\"4\" ><div style=\"text-align: center;\" data-title-color=\"#443f3f\" data-headings-color=\"#443f3f\" class=\"panel-widget-style panel-widget-style-for-286-2-1-0\" >\t\t\t<div class=\"textwidget\"><p><img decoding=\"async\" style=\"max-width:150px;margin-bottom:30px;\" src=\"http:\/\/demo.athemes.com\/sydney\/wp-content\/uploads\/sites\/35\/2015\/09\/s2.png\"\/><\/p>\nGr\u00e1ficas y reportes<\/div>\n\t\t<\/div><\/div><\/div><div id=\"pgc-286-2-2\"  class=\"panel-grid-cell\" ><div id=\"panel-286-2-2-0\" class=\"so-panel widget widget_text panel-first-child panel-last-child\" data-index=\"5\" ><div style=\"text-align: center;\" data-title-color=\"#443f3f\" data-headings-color=\"#443f3f\" class=\"panel-widget-style panel-widget-style-for-286-2-2-0\" >\t\t\t<div class=\"textwidget\"><p><img decoding=\"async\" style=\"max-width:150px;margin-bottom:30px;\" src=\"http:\/\/demo.athemes.com\/sydney\/wp-content\/uploads\/sites\/35\/2015\/09\/s3.png\"\/><\/p>\nMonitoreo 24\/24<\/div>\n\t\t<\/div><\/div><\/div><\/div><\/div><div id=\"pg-286-3\"  class=\"panel-grid panel-has-style\" ><div class=\"siteorigin-panels-stretch panel-row-style panel-row-style-for-286-3\" style=\"color: #ffffff;padding: 0px 0; \" data-stretch-type=\"full-stretched\" data-hascolor=\"hascolor\" data-overlay=\"true\" data-overlay-color=\"#000000\" ><div id=\"pgc-286-3-0\"  class=\"panel-grid-cell\" ><div id=\"panel-286-3-0-0\" class=\"so-panel widget widget_sow-google-map panel-first-child panel-last-child\" data-index=\"6\" ><div style=\"text-align: left;\" data-title-color=\"#443f3f\" data-headings-color=\"#443f3f\" class=\"panel-widget-style panel-widget-style-for-286-3-0-0\" ><div\n\t\t\t\n\t\t\tclass=\"so-widget-sow-google-map so-widget-sow-google-map-default-cc770c0dc5a6-286\"\n\t\t\t\n\t\t>\n<div class=\"sow-google-map-canvas\"\n\tstyle=\"\"\n\tid=\"map-canvas-62d00fc2792e12aa271be4997798d488\"\n\tdata-options=\"{&quot;address&quot;:&quot;louisiana 165, m\\u00e9xico&quot;,&quot;zoom&quot;:16,&quot;mobileZoom&quot;:16,&quot;gestureHandling&quot;:&quot;greedy&quot;,&quot;disableUi&quot;:false,&quot;markerIcon&quot;:false,&quot;markersDraggable&quot;:false,&quot;markerAtCenter&quot;:true,&quot;markerInfoDisplay&quot;:&quot;click&quot;,&quot;markerInfoMultiple&quot;:true,&quot;markerPositions&quot;:false,&quot;mapName&quot;:false,&quot;mapStyles&quot;:false,&quot;directions&quot;:&quot;&quot;,&quot;apiKey&quot;:&quot;AIzaSyCXRSeedPbRBY6Xqh9e8aA6rm76A24rEgE&quot;,&quot;breakpoint&quot;:780,&quot;id&quot;:&quot;69f3bf&quot;}\"\n\tdata-fallback-image=\"{&quot;img&quot;:&quot;&quot;}\"><\/div>\n<\/div><\/div><\/div><\/div><div id=\"pgc-286-3-1\"  class=\"panel-grid-cell\" ><div id=\"panel-286-3-1-0\" class=\"so-panel widget widget_sow-contact-form panel-first-child panel-last-child\" data-index=\"7\" ><div style=\"text-align: left;\" data-title-color=\"#443f3f\" data-headings-color=\"#443f3f\" class=\"panel-widget-style panel-widget-style-for-286-3-1-0\" ><div\n\t\t\t\n\t\t\tclass=\"so-widget-sow-contact-form so-widget-sow-contact-form-default-32b03fd6bd96-286\"\n\t\t\t\n\t\t>\t<form\n\t\taction=\"\/Gdihtml5\/wp-json\/wp\/v2\/pages\/286\"\n\t\tmethod=\"POST\"\n\t\tclass=\"sow-contact-form\"\n\t\tid=\"contact-form-842e\"\n\t>\n\n\t\t\n\t\t\t\t\t<div class=\"sow-form-field sow-form-field-name\">\n\t\t\t\t<label class=\"sow-form-field-label-above\" for=\"sow-contact-form-field-tu-nombre-1\">\n\t\t\t\t<strong>\n\t\t\t\t\tTu nombre\t\t\t\t\t\t\t\t\t<\/strong>\n\t\t\t<\/label>\n\t\t\t\t\t\t\t<div class=\"sow-field-container\">\n\t\t\t\t\t\t\t<input\n\t\t\ttype=\"text\"\n\t\t\tname=\"tu-nombre-1\"\n\t\t\tid=\"sow-contact-form-field-tu-nombre-1\"\n\t\t\tvalue=\"\"\n\t\t\tclass=\"sow-text-field\"\n\t\t\t\t\t\t\t\t\/>\n\t\t\t\t\t\t<\/div>\n\t\t\t\t\t\t\t<\/div>\n\t\t\t\t\t\t<div class=\"sow-form-field sow-form-field-email\">\n\t\t\t\t<label class=\"sow-form-field-label-above\" for=\"sow-contact-form-field-tu-correo-electronico-1\">\n\t\t\t\t<strong>\n\t\t\t\t\tTu correo electr\u00f3nico\t\t\t\t\t\t\t\t\t<\/strong>\n\t\t\t<\/label>\n\t\t\t\t\t\t\t<div class=\"sow-field-container\">\n\t\t\t\t\t\t\t<input\n\t\t\ttype=\"email\"\n\t\t\tname=\"tu-correo-electronico-1\"\n\t\t\tid=\"sow-contact-form-field-tu-correo-electronico-1\"\n\t\t\tvalue=\"\"\n\t\t\tclass=\"sow-text-field\"\t\t\t\t\t\t\t\t\/>\n\t\t\t\t\t\t<\/div>\n\t\t\t\t\t\t\t<\/div>\n\t\t\t\t\t\t<div class=\"sow-form-field sow-form-field-textarea\">\n\t\t\t\t<label class=\"sow-form-field-label-above\" for=\"sow-contact-form-field-mensaje-1\">\n\t\t\t\t<strong>\n\t\t\t\t\tMensaje\t\t\t\t\t\t\t\t\t<\/strong>\n\t\t\t<\/label>\n\t\t\t\t\t\t\t<div class=\"sow-field-container\">\n\t\t\t\t\t\t\t<textarea\n\t\t\tname=\"mensaje-1\"\n\t\t\tid=\"sow-contact-form-field-mensaje-1\"\n\t\t\trows=\"10\"\n\t\t\t\t\t\t\t\t><\/textarea>\n\t\t\t\t\t\t<\/div>\n\t\t\t\t\t\t\t<\/div>\n\t\t\t\n\t\t\n\t\t<div class=\"sow-submit-wrapper sow-submit-styled\">\n\n\t\t\t<button\n\t\t\t\ttype=\"submit\"\n\t\t\t\tclass=\"sow-submit\"\n\t\t\t\t\t\t\t>\n\t\t\t\tContacta con nosotros\t\t\t<\/button>\n\t\t<\/div>\n\t\t\t\t<input\n\t\t\ttype=\"hidden\"\n\t\t\tname=\"instance_hash-1\"\n\t\t\tvalue=\"842e695a\"\n\t\t\/>\n\n\t\t<input\n\t\t\ttype=\"hidden\"\n\t\t\tname=\"form_id\"\n\t\t\tvalue=\"\"\n\t\t\/>\n\t\t<input type=\"hidden\" id=\"_wpnonce\" name=\"_wpnonce\" value=\"f0a4c38717\" \/><input type=\"hidden\" name=\"_wp_http_referer\" value=\"\/Gdihtml5\/wp-json\/wp\/v2\/pages\/286\" \/>\t<\/form>\n\t<\/div><\/div><\/div><\/div><\/div><\/div><\/div>","protected":false},"excerpt":{"rendered":"<p>GDI Software desarrolla cualquier tipo de curso de acuerdo a las necesidades de su empresa, los cursos pueden ser impartidos en su [&hellip;]<\/p>\n","protected":false},"author":1,"featured_media":0,"parent":0,"menu_order":0,"comment_status":"closed","ping_status":"closed","template":"page-templates\/page_front-page.php","meta":{"footnotes":""},"class_list":["post-286","page","type-page","status-publish","hentry"],"_links":{"self":[{"href":"http:\/\/gdi.mx\/Gdihtml5\/wp-json\/wp\/v2\/pages\/286","targetHints":{"allow":["GET"]}}],"collection":[{"href":"http:\/\/gdi.mx\/Gdihtml5\/wp-json\/wp\/v2\/pages"}],"about":[{"href":"http:\/\/gdi.mx\/Gdihtml5\/wp-json\/wp\/v2\/types\/page"}],"author":[{"embeddable":true,"href":"http:\/\/gdi.mx\/Gdihtml5\/wp-json\/wp\/v2\/users\/1"}],"replies":[{"embeddable":true,"href":"http:\/\/gdi.mx\/Gdihtml5\/wp-json\/wp\/v2\/comments?post=286"}],"version-history":[{"count":101,"href":"http:\/\/gdi.mx\/Gdihtml5\/wp-json\/wp\/v2\/pages\/286\/revisions"}],"predecessor-version":[{"id":2951,"href":"http:\/\/gdi.mx\/Gdihtml5\/wp-json\/wp\/v2\/pages\/286\/revisions\/2951"}],"wp:attachment":[{"href":"http:\/\/gdi.mx\/Gdihtml5\/wp-json\/wp\/v2\/media?parent=286"}],"curies":[{"name":"wp","href":"https:\/\/api.w.org\/{rel}","templated":true}]}}